{"id":1257,"date":"2018-12-05T11:56:41","date_gmt":"2018-12-05T10:56:41","guid":{"rendered":"https:\/\/www.avocatsgeneve.ch\/?page_id=1257"},"modified":"2025-11-17T10:43:08","modified_gmt":"2025-11-17T09:43:08","slug":"attorneys-at-law","status":"publish","type":"page","link":"https:\/\/www.avocatsgeneve.ch\/en\/attorneys-at-law\/","title":{"rendered":"TEAM"},"content":{"rendered":"<p>[et_pb_section fb_built=&#8221;1&#8243; disabled_on=&#8221;off|off|&#8221; module_id=&#8221;avocats&#8221; _builder_version=&#8221;4.16&#8243; global_colors_info=&#8221;{}&#8221;][et_pb_row column_structure=&#8221;1_3,1_3,1_3&#8243; use_custom_gutter=&#8221;on&#8221; _builder_version=&#8221;4.16&#8243; global_colors_info=&#8221;{}&#8221;][et_pb_column type=&#8221;1_3&#8243; _builder_version=&#8221;4.16&#8243; custom_padding=&#8221;|||&#8221; global_colors_info=&#8221;{}&#8221; custom_padding__hover=&#8221;|||&#8221;][et_pb_image src=&#8221;https:\/\/www.avocatsgeneve.ch\/wp-content\/uploads\/2018\/11\/linkdln.png&#8221; url=&#8221;https:\/\/www.linkedin.com\/in\/thomasbarth1\/&#8221; url_new_window=&#8221;on&#8221; align=&#8221;center&#8221; align_tablet=&#8221;center&#8221; align_phone=&#8221;&#8221; align_last_edited=&#8221;on|desktop&#8221; module_class=&#8221;my-linkd&#8221; _builder_version=&#8221;4.16&#8243; global_colors_info=&#8221;{}&#8221;]&nbsp;<br \/>\n[\/et_pb_image][et_pb_image src=&#8221;https:\/\/www.avocatsgeneve.ch\/wp-content\/uploads\/2025\/03\/Me-Thomas-BARTH-scaled.jpg&#8221; alt=&#8221;Me Thomas BARTH Gen\u00e8ve&#8221; title_text=&#8221;Me Thomas BARTH&#8221; align=&#8221;center&#8221; align_tablet=&#8221;center&#8221; align_phone=&#8221;&#8221; align_last_edited=&#8221;on|desktop&#8221; module_class=&#8221;popmake-me-thomas-barth-en&#8221; _builder_version=&#8221;4.27.4&#8243; global_colors_info=&#8221;{}&#8221;]&nbsp;<br \/>\n[\/et_pb_image][\/et_pb_column][et_pb_column type=&#8221;1_3&#8243; _builder_version=&#8221;4.16&#8243; custom_padding=&#8221;|||&#8221; global_colors_info=&#8221;{}&#8221; custom_padding__hover=&#8221;|||&#8221;][et_pb_image src=&#8221;https:\/\/www.avocatsgeneve.ch\/wp-content\/uploads\/2025\/03\/Me-Marie-Amelie-GRILLAT-scaled.jpg&#8221; title_text=&#8221;Me Marie-Ame\u0301lie GRILLAT&#8221; align=&#8221;center&#8221; align_tablet=&#8221;center&#8221; align_phone=&#8221;&#8221; align_last_edited=&#8221;on|desktop&#8221; module_class=&#8221;popmake-1269&#8243; _builder_version=&#8221;4.27.4&#8243; global_colors_info=&#8221;{}&#8221;]&nbsp;<br \/>\n[\/et_pb_image][\/et_pb_column][et_pb_column type=&#8221;1_3&#8243; _builder_version=&#8221;4.16&#8243; custom_padding=&#8221;|||&#8221; global_colors_info=&#8221;{}&#8221; custom_padding__hover=&#8221;|||&#8221;][et_pb_image src=&#8221;https:\/\/www.avocatsgeneve.ch\/wp-content\/uploads\/2025\/03\/Me-Mathilde-GRAMIGER-scaled.jpg&#8221; title_text=&#8221;Me Mathilde GRA\u0308MIGER&#8221; align=&#8221;center&#8221; align_tablet=&#8221;center&#8221; align_phone=&#8221;&#8221; align_last_edited=&#8221;on|desktop&#8221; module_class=&#8221;popmake-me-mathilde-graminer-en&#8221; _builder_version=&#8221;4.27.4&#8243; global_colors_info=&#8221;{}&#8221;]&nbsp;<br \/>\n[\/et_pb_image][et_pb_image src=&#8221;https:\/\/www.avocatsgeneve.ch\/wp-content\/uploads\/2018\/11\/linkdln.png&#8221; url=&#8221;https:\/\/www.linkedin.com\/in\/patek-serge-3342336\/&#8221; url_new_window=&#8221;on&#8221; align=&#8221;center&#8221; align_tablet=&#8221;center&#8221; align_phone=&#8221;&#8221; align_last_edited=&#8221;on|desktop&#8221; disabled_on=&#8221;on|on|on&#8221; module_class=&#8221;my-linkd&#8221; _builder_version=&#8221;4.27.4&#8243; disabled=&#8221;on&#8221; global_colors_info=&#8221;{}&#8221;]&nbsp;<br \/>\n[\/et_pb_image][\/et_pb_column][\/et_pb_row][et_pb_row column_structure=&#8221;1_4,1_4,1_4,1_4&#8243; use_custom_gutter=&#8221;on&#8221; _builder_version=&#8221;4.16&#8243; global_colors_info=&#8221;{}&#8221;][et_pb_column type=&#8221;1_4&#8243; _builder_version=&#8221;4.16&#8243; custom_padding=&#8221;|||&#8221; global_colors_info=&#8221;{}&#8221; custom_padding__hover=&#8221;|||&#8221;][\/et_pb_column][et_pb_column type=&#8221;1_4&#8243; _builder_version=&#8221;4.16&#8243; custom_padding=&#8221;|||&#8221; global_colors_info=&#8221;{}&#8221; custom_padding__hover=&#8221;|||&#8221;][et_pb_image src=&#8221;https:\/\/www.avocatsgeneve.ch\/wp-content\/uploads\/2025\/11\/Amaya-GOVORI-scaled.jpg&#8221; title_text=&#8221;Amaya GOVORI&#8221; align=&#8221;center&#8221; align_tablet=&#8221;center&#8221; align_phone=&#8221;&#8221; align_last_edited=&#8221;on|desktop&#8221; admin_label=&#8221;Image&#8221; _builder_version=&#8221;4.27.4&#8243; hover_enabled=&#8221;0&#8243; global_colors_info=&#8221;{}&#8221; alt=&#8221;Amaya GOVORI&#8221; sticky_enabled=&#8221;0&#8243;]&nbsp;<br \/>\n[\/et_pb_image][et_pb_text _builder_version=&#8221;4.27.4&#8243; _module_preset=&#8221;default&#8221; global_colors_info=&#8221;{}&#8221;]<\/p>\n<p style=\"text-align: center;\"><strong><em>Executive Assistant<\/em><\/strong><\/p>\n<p>[\/et_pb_text][\/et_pb_column][et_pb_column type=&#8221;1_4&#8243; _builder_version=&#8221;4.16&#8243; custom_padding=&#8221;|||&#8221; global_colors_info=&#8221;{}&#8221; custom_padding__hover=&#8221;|||&#8221;][et_pb_image src=&#8221;https:\/\/www.avocatsgeneve.ch\/wp-content\/uploads\/2025\/11\/Amytis-REZVANIAN-scaled.jpg&#8221; title_text=&#8221;Amytis REZVANIAN&#8221; align=&#8221;center&#8221; align_tablet=&#8221;center&#8221; align_phone=&#8221;&#8221; align_last_edited=&#8221;on|desktop&#8221; admin_label=&#8221;Image&#8221; _builder_version=&#8221;4.27.4&#8243; hover_enabled=&#8221;0&#8243; global_colors_info=&#8221;{}&#8221; alt=&#8221;Amytis REZVANIAN&#8221; sticky_enabled=&#8221;0&#8243;]&nbsp;<br \/>\n[\/et_pb_image][et_pb_text module_class=&#8221;Titre-home&#8221; _builder_version=&#8221;4.27.4&#8243; global_colors_info=&#8221;{}&#8221;]<\/p>\n<h1>Me Thomas BARTH Genave law attorneys<\/h1>\n<p>[\/et_pb_text][et_pb_text _builder_version=&#8221;4.27.4&#8243; _module_preset=&#8221;default&#8221; global_colors_info=&#8221;{}&#8221;]<\/p>\n<p style=\"text-align: center;\"><strong><em>Executive Assistant<\/em><\/strong><\/p>\n<p>[\/et_pb_text][\/et_pb_column][et_pb_column type=&#8221;1_4&#8243; _builder_version=&#8221;4.16&#8243; custom_padding=&#8221;|||&#8221; global_colors_info=&#8221;{}&#8221; custom_padding__hover=&#8221;|||&#8221;][\/et_pb_column][\/et_pb_row][et_pb_row column_structure=&#8221;1_3,1_3,1_3&#8243; use_custom_gutter=&#8221;on&#8221; _builder_version=&#8221;4.16&#8243; global_colors_info=&#8221;{}&#8221;][et_pb_column type=&#8221;1_3&#8243; _builder_version=&#8221;4.16&#8243; custom_padding=&#8221;|||&#8221; global_colors_info=&#8221;{}&#8221; custom_padding__hover=&#8221;|||&#8221;][\/et_pb_column][et_pb_column type=&#8221;1_3&#8243; _builder_version=&#8221;4.16&#8243; custom_padding=&#8221;|||&#8221; global_colors_info=&#8221;{}&#8221; custom_padding__hover=&#8221;|||&#8221;][et_pb_image src=&#8221;https:\/\/www.avocatsgeneve.ch\/wp-content\/uploads\/2023\/02\/Me-Maria-PUOPOLO-scaled.jpg&#8221; title_text=&#8221;Me Maria PUOPOLO&#8221; align=&#8221;center&#8221; align_tablet=&#8221;center&#8221; align_phone=&#8221;&#8221; align_last_edited=&#8221;on|desktop&#8221; disabled_on=&#8221;on|on|on&#8221; admin_label=&#8221;Image&#8221; module_class=&#8221;popmake-1306&#8243; _builder_version=&#8221;4.24.0&#8243; disabled=&#8221;on&#8221; global_colors_info=&#8221;{}&#8221;]&nbsp;<br \/>\n[\/et_pb_image][\/et_pb_column][et_pb_column type=&#8221;1_3&#8243; _builder_version=&#8221;4.16&#8243; custom_padding=&#8221;|||&#8221; global_colors_info=&#8221;{}&#8221; custom_padding__hover=&#8221;|||&#8221;][et_pb_image src=&#8221;https:\/\/www.avocatsgeneve.ch\/wp-content\/uploads\/2021\/06\/Soraya_LOPEZ.jpg&#8221; title_text=&#8221;Soraya_LOPEZ&#8221; align=&#8221;center&#8221; align_tablet=&#8221;center&#8221; align_phone=&#8221;&#8221; align_last_edited=&#8221;on|desktop&#8221; disabled_on=&#8221;on|on|on&#8221; module_class=&#8221;popmake-1306&#8243; _builder_version=&#8221;4.19.4&#8243; disabled=&#8221;on&#8221; global_colors_info=&#8221;{}&#8221;]&nbsp;<br \/>\n[\/et_pb_image][\/et_pb_column][\/et_pb_row][\/et_pb_section]<\/p>\n","protected":false},"excerpt":{"rendered":"<p>&nbsp; &nbsp; &nbsp; &nbsp; &nbsp; &nbsp; Executive Assistant&nbsp; Me Thomas BARTH Genave law attorneysExecutive Assistant&nbsp; &nbsp;<\/p>\n","protected":false},"author":4,"featured_media":0,"parent":0,"menu_order":0,"comment_status":"closed","ping_status":"closed","template":"","meta":{"_et_pb_use_builder":"on","_et_pb_old_content":"","_et_gb_content_width":"","footnotes":""},"class_list":["post-1257","page","type-page","status-publish","hentry"],"yoast_head":"<!-- This site is optimized with the Yoast SEO plugin v27.4 - https:\/\/yoast.com\/product\/yoast-seo-wordpress\/ -->\n<title>TEAM - Avocats Gen\u00e8ve<\/title>\n<meta name=\"robots\" content=\"index, follow, max-snippet:-1, max-image-preview:large, max-video-preview:-1\" \/>\n<link rel=\"canonical\" href=\"https:\/\/www.avocatsgeneve.ch\/en\/attorneys-at-law\/\" \/>\n<meta property=\"og:locale\" content=\"en_US\" \/>\n<meta property=\"og:type\" content=\"article\" \/>\n<meta property=\"og:title\" content=\"TEAM - Avocats Gen\u00e8ve\" \/>\n<meta property=\"og:description\" content=\"&nbsp; &nbsp; &nbsp; &nbsp; &nbsp; &nbsp; Executive Assistant&nbsp; Me Thomas BARTH Genave law attorneysExecutive Assistant&nbsp; &nbsp;\" \/>\n<meta property=\"og:url\" content=\"https:\/\/www.avocatsgeneve.ch\/en\/attorneys-at-law\/\" \/>\n<meta property=\"og:site_name\" content=\"Avocats Gen\u00e8ve\" \/>\n<meta property=\"article:modified_time\" content=\"2025-11-17T09:43:08+00:00\" \/>\n<meta name=\"twitter:card\" content=\"summary_large_image\" \/>\n<meta name=\"twitter:site\" content=\"@thomasbarth\" \/>\n<meta name=\"twitter:label1\" content=\"Est. reading time\" \/>\n\t<meta name=\"twitter:data1\" content=\"2 minutes\" \/>\n<script type=\"application\/ld+json\" class=\"yoast-schema-graph\">{\"@context\":\"https:\\\/\\\/schema.org\",\"@graph\":[{\"@type\":\"WebPage\",\"@id\":\"https:\\\/\\\/www.avocatsgeneve.ch\\\/en\\\/attorneys-at-law\\\/\",\"url\":\"https:\\\/\\\/www.avocatsgeneve.ch\\\/en\\\/attorneys-at-law\\\/\",\"name\":\"TEAM - Avocats Gen\u00e8ve\",\"isPartOf\":{\"@id\":\"https:\\\/\\\/www.avocatsgeneve.ch\\\/en\\\/#website\"},\"datePublished\":\"2018-12-05T10:56:41+00:00\",\"dateModified\":\"2025-11-17T09:43:08+00:00\",\"breadcrumb\":{\"@id\":\"https:\\\/\\\/www.avocatsgeneve.ch\\\/en\\\/attorneys-at-law\\\/#breadcrumb\"},\"inLanguage\":\"en-US\",\"potentialAction\":[{\"@type\":\"ReadAction\",\"target\":[\"https:\\\/\\\/www.avocatsgeneve.ch\\\/en\\\/attorneys-at-law\\\/\"]}]},{\"@type\":\"BreadcrumbList\",\"@id\":\"https:\\\/\\\/www.avocatsgeneve.ch\\\/en\\\/attorneys-at-law\\\/#breadcrumb\",\"itemListElement\":[{\"@type\":\"ListItem\",\"position\":1,\"name\":\"Accueil\",\"item\":\"https:\\\/\\\/www.avocatsgeneve.ch\\\/en\\\/\"},{\"@type\":\"ListItem\",\"position\":2,\"name\":\"TEAM\"}]},{\"@type\":\"WebSite\",\"@id\":\"https:\\\/\\\/www.avocatsgeneve.ch\\\/en\\\/#website\",\"url\":\"https:\\\/\\\/www.avocatsgeneve.ch\\\/en\\\/\",\"name\":\"Avocats Gen\u00e8ve\",\"description\":\"BARTH Avocats | Etude d&#039;avocats \u00e0 Gen\u00e8ve\",\"publisher\":{\"@id\":\"https:\\\/\\\/www.avocatsgeneve.ch\\\/en\\\/#organization\"},\"potentialAction\":[{\"@type\":\"SearchAction\",\"target\":{\"@type\":\"EntryPoint\",\"urlTemplate\":\"https:\\\/\\\/www.avocatsgeneve.ch\\\/en\\\/?s={search_term_string}\"},\"query-input\":{\"@type\":\"PropertyValueSpecification\",\"valueRequired\":true,\"valueName\":\"search_term_string\"}}],\"inLanguage\":\"en-US\"},{\"@type\":\"Organization\",\"@id\":\"https:\\\/\\\/www.avocatsgeneve.ch\\\/en\\\/#organization\",\"name\":\"Avocats Gen\u00e8ve\",\"url\":\"https:\\\/\\\/www.avocatsgeneve.ch\\\/en\\\/\",\"logo\":{\"@type\":\"ImageObject\",\"inLanguage\":\"en-US\",\"@id\":\"https:\\\/\\\/www.avocatsgeneve.ch\\\/en\\\/#\\\/schema\\\/logo\\\/image\\\/\",\"url\":\"https:\\\/\\\/www.avocatsgeneve.ch\\\/wp-content\\\/uploads\\\/2025\\\/03\\\/Barth_logo.png\",\"contentUrl\":\"https:\\\/\\\/www.avocatsgeneve.ch\\\/wp-content\\\/uploads\\\/2025\\\/03\\\/Barth_logo.png\",\"width\":414,\"height\":147,\"caption\":\"Avocats Gen\u00e8ve\"},\"image\":{\"@id\":\"https:\\\/\\\/www.avocatsgeneve.ch\\\/en\\\/#\\\/schema\\\/logo\\\/image\\\/\"},\"sameAs\":[\"https:\\\/\\\/x.com\\\/thomasbarth\",\"https:\\\/\\\/www.linkedin.com\\\/in\\\/thomasbarth1\\\/\"]}]}<\/script>\n<!-- \/ Yoast SEO plugin. -->","yoast_head_json":{"title":"TEAM - Avocats Gen\u00e8ve","robots":{"index":"index","follow":"follow","max-snippet":"max-snippet:-1","max-image-preview":"max-image-preview:large","max-video-preview":"max-video-preview:-1"},"canonical":"https:\/\/www.avocatsgeneve.ch\/en\/attorneys-at-law\/","og_locale":"en_US","og_type":"article","og_title":"TEAM - Avocats Gen\u00e8ve","og_description":"&nbsp; &nbsp; &nbsp; &nbsp; &nbsp; &nbsp; Executive Assistant&nbsp; Me Thomas BARTH Genave law attorneysExecutive Assistant&nbsp; &nbsp;","og_url":"https:\/\/www.avocatsgeneve.ch\/en\/attorneys-at-law\/","og_site_name":"Avocats Gen\u00e8ve","article_modified_time":"2025-11-17T09:43:08+00:00","twitter_card":"summary_large_image","twitter_site":"@thomasbarth","twitter_misc":{"Est. reading time":"2 minutes"},"schema":{"@context":"https:\/\/schema.org","@graph":[{"@type":"WebPage","@id":"https:\/\/www.avocatsgeneve.ch\/en\/attorneys-at-law\/","url":"https:\/\/www.avocatsgeneve.ch\/en\/attorneys-at-law\/","name":"TEAM - Avocats Gen\u00e8ve","isPartOf":{"@id":"https:\/\/www.avocatsgeneve.ch\/en\/#website"},"datePublished":"2018-12-05T10:56:41+00:00","dateModified":"2025-11-17T09:43:08+00:00","breadcrumb":{"@id":"https:\/\/www.avocatsgeneve.ch\/en\/attorneys-at-law\/#breadcrumb"},"inLanguage":"en-US","potentialAction":[{"@type":"ReadAction","target":["https:\/\/www.avocatsgeneve.ch\/en\/attorneys-at-law\/"]}]},{"@type":"BreadcrumbList","@id":"https:\/\/www.avocatsgeneve.ch\/en\/attorneys-at-law\/#breadcrumb","itemListElement":[{"@type":"ListItem","position":1,"name":"Accueil","item":"https:\/\/www.avocatsgeneve.ch\/en\/"},{"@type":"ListItem","position":2,"name":"TEAM"}]},{"@type":"WebSite","@id":"https:\/\/www.avocatsgeneve.ch\/en\/#website","url":"https:\/\/www.avocatsgeneve.ch\/en\/","name":"Avocats Gen\u00e8ve","description":"BARTH Avocats | Etude d&#039;avocats \u00e0 Gen\u00e8ve","publisher":{"@id":"https:\/\/www.avocatsgeneve.ch\/en\/#organization"},"potentialAction":[{"@type":"SearchAction","target":{"@type":"EntryPoint","urlTemplate":"https:\/\/www.avocatsgeneve.ch\/en\/?s={search_term_string}"},"query-input":{"@type":"PropertyValueSpecification","valueRequired":true,"valueName":"search_term_string"}}],"inLanguage":"en-US"},{"@type":"Organization","@id":"https:\/\/www.avocatsgeneve.ch\/en\/#organization","name":"Avocats Gen\u00e8ve","url":"https:\/\/www.avocatsgeneve.ch\/en\/","logo":{"@type":"ImageObject","inLanguage":"en-US","@id":"https:\/\/www.avocatsgeneve.ch\/en\/#\/schema\/logo\/image\/","url":"https:\/\/www.avocatsgeneve.ch\/wp-content\/uploads\/2025\/03\/Barth_logo.png","contentUrl":"https:\/\/www.avocatsgeneve.ch\/wp-content\/uploads\/2025\/03\/Barth_logo.png","width":414,"height":147,"caption":"Avocats Gen\u00e8ve"},"image":{"@id":"https:\/\/www.avocatsgeneve.ch\/en\/#\/schema\/logo\/image\/"},"sameAs":["https:\/\/x.com\/thomasbarth","https:\/\/www.linkedin.com\/in\/thomasbarth1\/"]}]}},"_links":{"self":[{"href":"https:\/\/www.avocatsgeneve.ch\/en\/wp-json\/wp\/v2\/pages\/1257","targetHints":{"allow":["GET"]}}],"collection":[{"href":"https:\/\/www.avocatsgeneve.ch\/en\/wp-json\/wp\/v2\/pages"}],"about":[{"href":"https:\/\/www.avocatsgeneve.ch\/en\/wp-json\/wp\/v2\/types\/page"}],"author":[{"embeddable":true,"href":"https:\/\/www.avocatsgeneve.ch\/en\/wp-json\/wp\/v2\/users\/4"}],"replies":[{"embeddable":true,"href":"https:\/\/www.avocatsgeneve.ch\/en\/wp-json\/wp\/v2\/comments?post=1257"}],"version-history":[{"count":37,"href":"https:\/\/www.avocatsgeneve.ch\/en\/wp-json\/wp\/v2\/pages\/1257\/revisions"}],"predecessor-version":[{"id":2354,"href":"https:\/\/www.avocatsgeneve.ch\/en\/wp-json\/wp\/v2\/pages\/1257\/revisions\/2354"}],"wp:attachment":[{"href":"https:\/\/www.avocatsgeneve.ch\/en\/wp-json\/wp\/v2\/media?parent=1257"}],"curies":[{"name":"wp","href":"https:\/\/api.w.org\/{rel}","templated":true}]}}