{"id":1294,"date":"2018-12-05T12:42:47","date_gmt":"2018-12-05T11:42:47","guid":{"rendered":"https:\/\/www.avocatsgeneve.ch\/?page_id=1294"},"modified":"2022-08-07T17:37:33","modified_gmt":"2022-08-07T15:37:33","slug":"careers","status":"publish","type":"page","link":"https:\/\/www.avocatsgeneve.ch\/en\/careers\/","title":{"rendered":"CAREERS"},"content":{"rendered":"<p>[et_pb_section fb_built=&#8221;1&#8243; disabled_on=&#8221;on|on|&#8221; module_class=&#8221;my-section&#8221; _builder_version=&#8221;3.22&#8243; custom_margin=&#8221;0px||0px|&#8221; custom_padding=&#8221;0px||0px|&#8221; global_colors_info=&#8221;{}&#8221;][et_pb_row module_class=&#8221;ma-ligne&#8221; _builder_version=&#8221;3.25&#8243; global_colors_info=&#8221;{}&#8221;][et_pb_column type=&#8221;4_4&#8243; _builder_version=&#8221;3.25&#8243; custom_padding=&#8221;|||&#8221; global_colors_info=&#8221;{}&#8221; custom_padding__hover=&#8221;|||&#8221;][et_pb_text module_class=&#8221;Titre-home&#8221; _builder_version=&#8221;3.27.4&#8243; global_colors_info=&#8221;{}&#8221;]<\/p>\n<h1>Faire carri\u00e8re dans une \u00e9tude d&#8217;avocats \u00e0 Gen\u00e8ve<\/h1>\n<p>[\/et_pb_text][\/et_pb_column][\/et_pb_row][et_pb_row column_structure=&#8221;1_2,1_2&#8243; use_custom_gutter=&#8221;on&#8221; gutter_width=&#8221;1&#8243; make_equal=&#8221;on&#8221; _builder_version=&#8221;3.25&#8243; width=&#8221;90%&#8221; max_width=&#8221;90%&#8221; custom_margin=&#8221;0px||0px|&#8221; custom_padding=&#8221;0px||0px|&#8221; use_custom_width=&#8221;on&#8221; width_unit=&#8221;off&#8221; custom_width_percent=&#8221;90%&#8221; global_colors_info=&#8221;{}&#8221;][et_pb_column type=&#8221;1_2&#8243; module_class=&#8221;index&#8221; _builder_version=&#8221;3.25&#8243; background_image=&#8221;https:\/\/www.avocatsgeneve.ch\/wp-content\/uploads\/2018\/11\/avocat-geneve-specialiste-droit-penal.jpg&#8221; custom_padding=&#8221;0px||0px|&#8221; global_colors_info=&#8221;{}&#8221; custom_padding__hover=&#8221;|||&#8221;][\/et_pb_column][et_pb_column type=&#8221;1_2&#8243; module_class=&#8221;index&#8221; _builder_version=&#8221;3.25&#8243; background_color=&#8221;#eeeeee&#8221; custom_padding=&#8221;40px|40px|40px|40px&#8221; global_colors_info=&#8221;{}&#8221; custom_padding__hover=&#8221;|||&#8221;][et_pb_text _builder_version=&#8221;4.7.7&#8243; text_font=&#8221;|||on|||||&#8221; text_text_color=&#8221;#303030&#8243; text_font_size=&#8221;36px&#8221; text_letter_spacing=&#8221;3px&#8221; text_line_height=&#8221;1.1em&#8221; header_text_align=&#8221;right&#8221; header_text_color=&#8221;#303030&#8243; header_font_size=&#8221;36px&#8221; header_letter_spacing=&#8221;3px&#8221; header_line_height=&#8221;1.1em&#8221; text_orientation=&#8221;right&#8221; animation_style=&#8221;slide&#8221; animation_direction=&#8221;left&#8221; saved_tabs=&#8221;all&#8221; global_colors_info=&#8221;{}&#8221;]<\/p>\n<div class=\"border2\" style=\"text-align: center;\"><\/div>\n<h2 class=\"my-title2\">Careers<\/h2>\n<p>[\/et_pb_text][et_pb_text module_class=&#8221;rigth scrollbar-light&#8221; _builder_version=&#8221;4.7.7&#8243; text_text_color=&#8221;#303030&#8243; custom_padding=&#8221;|20px||&#8221; animation_style=&#8221;slide&#8221; animation_direction=&#8221;top&#8221; global_colors_info=&#8221;{}&#8221;]<\/p>\n<p align=\"JUSTIFY\"><span lang=\"en-GB\">We are constantly on the lookout for talents wishing to commit themselves with conviction in a law firm where they can develop and build a career.<\/span><\/p>\n<p align=\"JUSTIFY\"><span lang=\"en-GB\">For lawyer positions we take into consideration candidates who have passed the Swiss bar exam, have had high-quality university training and who master legal English.<\/span><\/p>\n<p align=\"JUSTIFY\"><span lang=\"en-GB\">We also regularly recruit trainee lawyers. About 50 of these have worked as interns in our Firm and have all subsequently passed the bar exam. Consequently applications, which are already numerous and come from candidates in both Geneva and the rest of French-speaking Switzerland, must reach us sufficiently early, namely 6 to 18 months before the beginning of the prospective traineeship. <\/span><\/p>\n<p align=\"JUSTIFY\"><span lang=\"en-GB\">We offer our staff and trainees the opportunity of working in a stimulating and pleasant environment.<\/span><\/p>\n<p align=\"JUSTIFY\"><span lang=\"en-GB\">Candidates are invited to send us their file by post rather than by e-mail, together with all the usual documents (curriculum-vitae, photo, diplomas, etc.)<\/span><\/p>\n<p align=\"JUSTIFY\"><span lang=\"en-GB\">All applications are treated in the strictest confidence.<\/span><\/p>\n<p>[\/et_pb_text][\/et_pb_column][\/et_pb_row][\/et_pb_section][et_pb_section fb_built=&#8221;1&#8243; fullwidth=&#8221;on&#8221; _builder_version=&#8221;3.22&#8243; global_colors_info=&#8221;{}&#8221;][et_pb_fullwidth_slider disabled_on=&#8221;||on&#8221; _builder_version=&#8221;3.16&#8243; global_colors_info=&#8221;{}&#8221; button_text_size__hover_enabled=&#8221;off&#8221; button_one_text_size__hover_enabled=&#8221;off&#8221; button_two_text_size__hover_enabled=&#8221;off&#8221; button_text_color__hover_enabled=&#8221;off&#8221; button_one_text_color__hover_enabled=&#8221;off&#8221; button_two_text_color__hover_enabled=&#8221;off&#8221; button_border_width__hover_enabled=&#8221;off&#8221; button_one_border_width__hover_enabled=&#8221;off&#8221; button_two_border_width__hover_enabled=&#8221;off&#8221; button_border_color__hover_enabled=&#8221;off&#8221; button_one_border_color__hover_enabled=&#8221;off&#8221; button_two_border_color__hover_enabled=&#8221;off&#8221; button_border_radius__hover_enabled=&#8221;off&#8221; button_one_border_radius__hover_enabled=&#8221;off&#8221; button_two_border_radius__hover_enabled=&#8221;off&#8221; button_letter_spacing__hover_enabled=&#8221;off&#8221; button_one_letter_spacing__hover_enabled=&#8221;off&#8221; button_two_letter_spacing__hover_enabled=&#8221;off&#8221; button_bg_color__hover_enabled=&#8221;off&#8221; button_one_bg_color__hover_enabled=&#8221;off&#8221; button_two_bg_color__hover_enabled=&#8221;off&#8221;][et_pb_slide use_bg_overlay=&#8221;off&#8221; use_text_overlay=&#8221;off&#8221; _builder_version=&#8221;3.16&#8243; background_image=&#8221;https:\/\/www.avocatsgeneve.ch\/wp-content\/uploads\/2018\/11\/avocat-geneve-specialiste-droit-penal.jpg&#8221; button_on_hover=&#8221;on&#8221; global_colors_info=&#8221;{}&#8221; button_text_size__hover_enabled=&#8221;off&#8221; button_one_text_size__hover_enabled=&#8221;off&#8221; button_two_text_size__hover_enabled=&#8221;off&#8221; button_text_color__hover_enabled=&#8221;off&#8221; button_one_text_color__hover_enabled=&#8221;off&#8221; button_two_text_color__hover_enabled=&#8221;off&#8221; button_border_width__hover_enabled=&#8221;off&#8221; button_one_border_width__hover_enabled=&#8221;off&#8221; button_two_border_width__hover_enabled=&#8221;off&#8221; button_border_color__hover_enabled=&#8221;off&#8221; button_one_border_color__hover_enabled=&#8221;off&#8221; button_two_border_color__hover_enabled=&#8221;off&#8221; button_border_radius__hover_enabled=&#8221;off&#8221; button_one_border_radius__hover_enabled=&#8221;off&#8221; button_two_border_radius__hover_enabled=&#8221;off&#8221; button_letter_spacing__hover_enabled=&#8221;off&#8221; button_one_letter_spacing__hover_enabled=&#8221;off&#8221; button_two_letter_spacing__hover_enabled=&#8221;off&#8221; button_bg_color__hover_enabled=&#8221;off&#8221; button_one_bg_color__hover_enabled=&#8221;off&#8221; button_two_bg_color__hover_enabled=&#8221;off&#8221; sticky_transition=&#8221;on&#8221;][\/et_pb_slide][\/et_pb_fullwidth_slider][\/et_pb_section][et_pb_section fb_built=&#8221;1&#8243; disabled_on=&#8221;off|off|on&#8221; _builder_version=&#8221;3.22&#8243; custom_margin=&#8221;0px||0px|&#8221; custom_padding=&#8221;0px||0px|&#8221; global_colors_info=&#8221;{}&#8221;][et_pb_row use_custom_gutter=&#8221;on&#8221; gutter_width=&#8221;1&#8243; make_equal=&#8221;on&#8221; module_class=&#8221; et_pb_row_fullwidth&#8221; _builder_version=&#8221;3.25&#8243; background_color=&#8221;#eeeeee&#8221; width=&#8221;100%&#8221; width_tablet=&#8221;100%&#8221; width_phone=&#8221;&#8221; width_last_edited=&#8221;on|desktop&#8221; max_width=&#8221;100%&#8221; max_width_tablet=&#8221;100%&#8221; max_width_phone=&#8221;&#8221; max_width_last_edited=&#8221;on|desktop&#8221; module_alignment=&#8221;center&#8221; custom_margin=&#8221;0px||0px|&#8221; custom_padding=&#8221;0px||0px|&#8221; make_fullwidth=&#8221;on&#8221; width_unit=&#8221;off&#8221; custom_width_percent=&#8221;100%&#8221; global_colors_info=&#8221;{}&#8221;][et_pb_column type=&#8221;4_4&#8243; _builder_version=&#8221;3.25&#8243; custom_padding=&#8221;20px|20px|20px|20px&#8221; global_colors_info=&#8221;{}&#8221; custom_padding__hover=&#8221;|||&#8221;][et_pb_text _builder_version=&#8221;3.27.4&#8243; text_font=&#8221;|||on|||||&#8221; text_text_color=&#8221;#303030&#8243; text_font_size=&#8221;36px&#8221; text_letter_spacing=&#8221;3px&#8221; text_line_height=&#8221;1.1em&#8221; header_text_align=&#8221;right&#8221; header_text_color=&#8221;#303030&#8243; header_font_size=&#8221;36px&#8221; header_letter_spacing=&#8221;3px&#8221; header_line_height=&#8221;1.1em&#8221; text_orientation=&#8221;right&#8221; custom_margin=&#8221;||60px|&#8221; animation_style=&#8221;slide&#8221; animation_direction=&#8221;left&#8221; saved_tabs=&#8221;all&#8221; global_colors_info=&#8221;{}&#8221;]<\/p>\n<div class=\"border3\"><\/div>\n<h2><\/h2>\n<h2 class=\"my-title1\">Careers<\/h2>\n<p>[\/et_pb_text][et_pb_text module_class=&#8221;my-text&#8221; _builder_version=&#8221;3.27.4&#8243; text_text_color=&#8221;#303030&#8243; animation_style=&#8221;slide&#8221; animation_direction=&#8221;top&#8221; global_colors_info=&#8221;{}&#8221;]<\/p>\n<p align=\"JUSTIFY\"><span lang=\"en-GB\">We are constantly on the lookout for talents wishing to commit themselves with conviction in a law firm where they can develop and build a career.<\/span><\/p>\n<p align=\"JUSTIFY\"><span lang=\"en-GB\">For lawyer positions we take into consideration candidates who have passed the Swiss bar exam, have had high-quality university training and who master legal English.<\/span><\/p>\n<p align=\"JUSTIFY\"><span lang=\"en-GB\">We also regularly recruit trainee lawyers. About 50 of these have worked as interns in our Firm and have all subsequently passed the bar exam. Consequently applications, which are already numerous and come from candidates in both Geneva and the rest of French-speaking Switzerland, must reach us sufficiently early, namely 6 to 18 months before the beginning of the prospective traineeship.<\/span><\/p>\n<p align=\"JUSTIFY\"><span lang=\"en-GB\">We offer our staff and trainees the opportunity of working in a stimulating and pleasant environment.<\/span><\/p>\n<p align=\"JUSTIFY\"><span lang=\"en-GB\">Candidates are invited to send us their file by post rather than by e-mail, together with all the usual documents (curriculum-vitae, photo, diplomas, etc.)<\/span><\/p>\n<p align=\"JUSTIFY\"><span lang=\"en-GB\">All applications are treated in the strictest confidence.<\/span><\/p>\n<p>[\/et_pb_text][\/et_pb_column][\/et_pb_row][\/et_pb_section]<\/p>\n","protected":false},"excerpt":{"rendered":"<p>Faire carri\u00e8re dans une \u00e9tude d&#8217;avocats \u00e0 Gen\u00e8ve Careers We are constantly on the lookout for talents wishing to commit themselves with conviction in a law firm where they can develop and build a career. For lawyer positions we take into consideration candidates who have passed the Swiss bar exam, have had high-quality university training [&hellip;]<\/p>\n","protected":false},"author":4,"featured_media":0,"parent":0,"menu_order":0,"comment_status":"closed","ping_status":"closed","template":"","meta":{"_et_pb_use_builder":"on","_et_pb_old_content":"","_et_gb_content_width":"","footnotes":""},"class_list":["post-1294","page","type-page","status-publish","hentry"],"yoast_head":"<!-- This site is optimized with the Yoast SEO plugin v27.4 - https:\/\/yoast.com\/product\/yoast-seo-wordpress\/ -->\n<title>CAREERS - Avocats Gen\u00e8ve<\/title>\n<meta name=\"robots\" content=\"index, follow, max-snippet:-1, max-image-preview:large, max-video-preview:-1\" \/>\n<link rel=\"canonical\" href=\"https:\/\/www.avocatsgeneve.ch\/faire-carriere-dans-une-etude-avocats-geneve\/\" \/>\n<meta property=\"og:locale\" content=\"en_US\" \/>\n<meta property=\"og:type\" content=\"article\" \/>\n<meta property=\"og:title\" content=\"CAREERS - Avocats Gen\u00e8ve\" \/>\n<meta property=\"og:description\" content=\"Faire carri\u00e8re dans une \u00e9tude d&#039;avocats \u00e0 Gen\u00e8ve Careers We are constantly on the lookout for talents wishing to commit themselves with conviction in a law firm where they can develop and build a career. For lawyer positions we take into consideration candidates who have passed the Swiss bar exam, have had high-quality university training [&hellip;]\" \/>\n<meta property=\"og:url\" content=\"https:\/\/www.avocatsgeneve.ch\/faire-carriere-dans-une-etude-avocats-geneve\/\" \/>\n<meta property=\"og:site_name\" content=\"Avocats Gen\u00e8ve\" \/>\n<meta property=\"article:modified_time\" content=\"2022-08-07T15:37:33+00:00\" \/>\n<meta name=\"twitter:card\" content=\"summary_large_image\" \/>\n<meta name=\"twitter:site\" content=\"@thomasbarth\" \/>\n<meta name=\"twitter:label1\" content=\"Est. reading time\" \/>\n\t<meta name=\"twitter:data1\" content=\"6 minutes\" \/>\n<script type=\"application\/ld+json\" class=\"yoast-schema-graph\">{\"@context\":\"https:\\\/\\\/schema.org\",\"@graph\":[{\"@type\":\"WebPage\",\"@id\":\"https:\\\/\\\/www.avocatsgeneve.ch\\\/faire-carriere-dans-une-etude-avocats-geneve\\\/\",\"url\":\"https:\\\/\\\/www.avocatsgeneve.ch\\\/faire-carriere-dans-une-etude-avocats-geneve\\\/\",\"name\":\"CAREERS - Avocats Gen\u00e8ve\",\"isPartOf\":{\"@id\":\"https:\\\/\\\/www.avocatsgeneve.ch\\\/en\\\/#website\"},\"datePublished\":\"2018-12-05T11:42:47+00:00\",\"dateModified\":\"2022-08-07T15:37:33+00:00\",\"breadcrumb\":{\"@id\":\"https:\\\/\\\/www.avocatsgeneve.ch\\\/faire-carriere-dans-une-etude-avocats-geneve\\\/#breadcrumb\"},\"inLanguage\":\"en-US\",\"potentialAction\":[{\"@type\":\"ReadAction\",\"target\":[\"https:\\\/\\\/www.avocatsgeneve.ch\\\/faire-carriere-dans-une-etude-avocats-geneve\\\/\"]}]},{\"@type\":\"BreadcrumbList\",\"@id\":\"https:\\\/\\\/www.avocatsgeneve.ch\\\/faire-carriere-dans-une-etude-avocats-geneve\\\/#breadcrumb\",\"itemListElement\":[{\"@type\":\"ListItem\",\"position\":1,\"name\":\"Accueil\",\"item\":\"https:\\\/\\\/www.avocatsgeneve.ch\\\/en\\\/\"},{\"@type\":\"ListItem\",\"position\":2,\"name\":\"CAREERS\"}]},{\"@type\":\"WebSite\",\"@id\":\"https:\\\/\\\/www.avocatsgeneve.ch\\\/en\\\/#website\",\"url\":\"https:\\\/\\\/www.avocatsgeneve.ch\\\/en\\\/\",\"name\":\"Avocats Gen\u00e8ve\",\"description\":\"BARTH Avocats | Etude d&#039;avocats \u00e0 Gen\u00e8ve\",\"publisher\":{\"@id\":\"https:\\\/\\\/www.avocatsgeneve.ch\\\/en\\\/#organization\"},\"potentialAction\":[{\"@type\":\"SearchAction\",\"target\":{\"@type\":\"EntryPoint\",\"urlTemplate\":\"https:\\\/\\\/www.avocatsgeneve.ch\\\/en\\\/?s={search_term_string}\"},\"query-input\":{\"@type\":\"PropertyValueSpecification\",\"valueRequired\":true,\"valueName\":\"search_term_string\"}}],\"inLanguage\":\"en-US\"},{\"@type\":\"Organization\",\"@id\":\"https:\\\/\\\/www.avocatsgeneve.ch\\\/en\\\/#organization\",\"name\":\"Avocats Gen\u00e8ve\",\"url\":\"https:\\\/\\\/www.avocatsgeneve.ch\\\/en\\\/\",\"logo\":{\"@type\":\"ImageObject\",\"inLanguage\":\"en-US\",\"@id\":\"https:\\\/\\\/www.avocatsgeneve.ch\\\/en\\\/#\\\/schema\\\/logo\\\/image\\\/\",\"url\":\"https:\\\/\\\/www.avocatsgeneve.ch\\\/wp-content\\\/uploads\\\/2025\\\/03\\\/Barth_logo.png\",\"contentUrl\":\"https:\\\/\\\/www.avocatsgeneve.ch\\\/wp-content\\\/uploads\\\/2025\\\/03\\\/Barth_logo.png\",\"width\":414,\"height\":147,\"caption\":\"Avocats Gen\u00e8ve\"},\"image\":{\"@id\":\"https:\\\/\\\/www.avocatsgeneve.ch\\\/en\\\/#\\\/schema\\\/logo\\\/image\\\/\"},\"sameAs\":[\"https:\\\/\\\/x.com\\\/thomasbarth\",\"https:\\\/\\\/www.linkedin.com\\\/in\\\/thomasbarth1\\\/\"]}]}<\/script>\n<!-- \/ Yoast SEO plugin. -->","yoast_head_json":{"title":"CAREERS - Avocats Gen\u00e8ve","robots":{"index":"index","follow":"follow","max-snippet":"max-snippet:-1","max-image-preview":"max-image-preview:large","max-video-preview":"max-video-preview:-1"},"canonical":"https:\/\/www.avocatsgeneve.ch\/faire-carriere-dans-une-etude-avocats-geneve\/","og_locale":"en_US","og_type":"article","og_title":"CAREERS - Avocats Gen\u00e8ve","og_description":"Faire carri\u00e8re dans une \u00e9tude d'avocats \u00e0 Gen\u00e8ve Careers We are constantly on the lookout for talents wishing to commit themselves with conviction in a law firm where they can develop and build a career. For lawyer positions we take into consideration candidates who have passed the Swiss bar exam, have had high-quality university training [&hellip;]","og_url":"https:\/\/www.avocatsgeneve.ch\/faire-carriere-dans-une-etude-avocats-geneve\/","og_site_name":"Avocats Gen\u00e8ve","article_modified_time":"2022-08-07T15:37:33+00:00","twitter_card":"summary_large_image","twitter_site":"@thomasbarth","twitter_misc":{"Est. reading time":"6 minutes"},"schema":{"@context":"https:\/\/schema.org","@graph":[{"@type":"WebPage","@id":"https:\/\/www.avocatsgeneve.ch\/faire-carriere-dans-une-etude-avocats-geneve\/","url":"https:\/\/www.avocatsgeneve.ch\/faire-carriere-dans-une-etude-avocats-geneve\/","name":"CAREERS - Avocats Gen\u00e8ve","isPartOf":{"@id":"https:\/\/www.avocatsgeneve.ch\/en\/#website"},"datePublished":"2018-12-05T11:42:47+00:00","dateModified":"2022-08-07T15:37:33+00:00","breadcrumb":{"@id":"https:\/\/www.avocatsgeneve.ch\/faire-carriere-dans-une-etude-avocats-geneve\/#breadcrumb"},"inLanguage":"en-US","potentialAction":[{"@type":"ReadAction","target":["https:\/\/www.avocatsgeneve.ch\/faire-carriere-dans-une-etude-avocats-geneve\/"]}]},{"@type":"BreadcrumbList","@id":"https:\/\/www.avocatsgeneve.ch\/faire-carriere-dans-une-etude-avocats-geneve\/#breadcrumb","itemListElement":[{"@type":"ListItem","position":1,"name":"Accueil","item":"https:\/\/www.avocatsgeneve.ch\/en\/"},{"@type":"ListItem","position":2,"name":"CAREERS"}]},{"@type":"WebSite","@id":"https:\/\/www.avocatsgeneve.ch\/en\/#website","url":"https:\/\/www.avocatsgeneve.ch\/en\/","name":"Avocats Gen\u00e8ve","description":"BARTH Avocats | Etude d&#039;avocats \u00e0 Gen\u00e8ve","publisher":{"@id":"https:\/\/www.avocatsgeneve.ch\/en\/#organization"},"potentialAction":[{"@type":"SearchAction","target":{"@type":"EntryPoint","urlTemplate":"https:\/\/www.avocatsgeneve.ch\/en\/?s={search_term_string}"},"query-input":{"@type":"PropertyValueSpecification","valueRequired":true,"valueName":"search_term_string"}}],"inLanguage":"en-US"},{"@type":"Organization","@id":"https:\/\/www.avocatsgeneve.ch\/en\/#organization","name":"Avocats Gen\u00e8ve","url":"https:\/\/www.avocatsgeneve.ch\/en\/","logo":{"@type":"ImageObject","inLanguage":"en-US","@id":"https:\/\/www.avocatsgeneve.ch\/en\/#\/schema\/logo\/image\/","url":"https:\/\/www.avocatsgeneve.ch\/wp-content\/uploads\/2025\/03\/Barth_logo.png","contentUrl":"https:\/\/www.avocatsgeneve.ch\/wp-content\/uploads\/2025\/03\/Barth_logo.png","width":414,"height":147,"caption":"Avocats Gen\u00e8ve"},"image":{"@id":"https:\/\/www.avocatsgeneve.ch\/en\/#\/schema\/logo\/image\/"},"sameAs":["https:\/\/x.com\/thomasbarth","https:\/\/www.linkedin.com\/in\/thomasbarth1\/"]}]}},"_links":{"self":[{"href":"https:\/\/www.avocatsgeneve.ch\/en\/wp-json\/wp\/v2\/pages\/1294","targetHints":{"allow":["GET"]}}],"collection":[{"href":"https:\/\/www.avocatsgeneve.ch\/en\/wp-json\/wp\/v2\/pages"}],"about":[{"href":"https:\/\/www.avocatsgeneve.ch\/en\/wp-json\/wp\/v2\/types\/page"}],"author":[{"embeddable":true,"href":"https:\/\/www.avocatsgeneve.ch\/en\/wp-json\/wp\/v2\/users\/4"}],"replies":[{"embeddable":true,"href":"https:\/\/www.avocatsgeneve.ch\/en\/wp-json\/wp\/v2\/comments?post=1294"}],"version-history":[{"count":6,"href":"https:\/\/www.avocatsgeneve.ch\/en\/wp-json\/wp\/v2\/pages\/1294\/revisions"}],"predecessor-version":[{"id":1997,"href":"https:\/\/www.avocatsgeneve.ch\/en\/wp-json\/wp\/v2\/pages\/1294\/revisions\/1997"}],"wp:attachment":[{"href":"https:\/\/www.avocatsgeneve.ch\/en\/wp-json\/wp\/v2\/media?parent=1294"}],"curies":[{"name":"wp","href":"https:\/\/api.w.org\/{rel}","templated":true}]}}