{"id":1340,"date":"2018-12-05T14:01:59","date_gmt":"2018-12-05T13:01:59","guid":{"rendered":"https:\/\/www.avocatsgeneve.ch\/?page_id=1340"},"modified":"2018-12-05T14:03:40","modified_gmt":"2018-12-05T13:03:40","slug":"droit-des-societes","status":"publish","type":"page","link":"https:\/\/www.avocatsgeneve.ch\/en\/droit-des-societes\/","title":{"rendered":"Corporate law"},"content":{"rendered":"<p>[et_pb_section bb_built=&#8221;1&#8243; disabled_on=&#8221;on|on|&#8221; _builder_version=&#8221;3.10.2&#8243; custom_margin=&#8221;0px||0px|&#8221; custom_padding=&#8221;0px||0px|&#8221; next_background_color=&#8221;#000000&#8243; module_class=&#8221;my-section&#8221;][et_pb_row _builder_version=&#8221;3.10.2&#8243; module_class=&#8221;ma-ligne&#8221;][et_pb_column type=&#8221;4_4&#8243;][et_pb_text _builder_version=&#8221;3.10.2&#8243; module_class=&#8221;Titre-home&#8221;]<\/p>\n<h1>Avocats Gen\u00e8ve droit contractuel, droit des soci\u00e9t\u00e9s<\/h1>\n<p>[\/et_pb_text][\/et_pb_column][\/et_pb_row][et_pb_row use_custom_width=&#8221;on&#8221; width_unit=&#8221;off&#8221; custom_width_percent=&#8221;90%&#8221; use_custom_gutter=&#8221;on&#8221; gutter_width=&#8221;1&#8243; custom_padding=&#8221;0px||0px|&#8221; custom_margin=&#8221;0px||0px|&#8221; make_equal=&#8221;on&#8221; background_color_2=&#8221;#eeeeee&#8221; bg_img_1=&#8221;https:\/\/www.avocatsgeneve.ch\/wp-content\/uploads\/2018\/11\/avocat-geneve-specialiste-droit-commercial.jpg&#8221; background_repeat_1=&#8221;no-repeat&#8221; padding_top_1=&#8221;0px&#8221; padding_top_2=&#8221;100px&#8221; padding_right_2=&#8221;40px&#8221; padding_bottom_1=&#8221;0px&#8221; padding_bottom_2=&#8221;40px&#8221; padding_left_2=&#8221;40px&#8221; module_class_2=&#8221;index&#8221; _builder_version=&#8221;3.10.2&#8243; module_class_1=&#8221;index&#8221;][et_pb_column type=&#8221;1_2&#8243;][\/et_pb_column][et_pb_column type=&#8221;1_2&#8243;][et_pb_text _builder_version=&#8221;3.10.2&#8243; text_font=&#8221;|||on|||||&#8221; text_text_color=&#8221;#303030&#8243; text_font_size=&#8221;36px&#8221; text_letter_spacing=&#8221;3px&#8221; text_line_height=&#8221;1.1em&#8221; header_text_align=&#8221;right&#8221; header_text_color=&#8221;#303030&#8243; header_font_size=&#8221;36px&#8221; header_letter_spacing=&#8221;3px&#8221; header_line_height=&#8221;1.1em&#8221; text_orientation=&#8221;right&#8221; animation_style=&#8221;slide&#8221; animation_direction=&#8221;left&#8221; saved_tabs=&#8221;all&#8221;]<\/p>\n<div class=\"border2\" style=\"text-align: center;\"><\/div>\n<h2 style=\"text-align: center;\"><\/h2>\n<h2 class=\"my-title2\" style=\"text-align: center;\">Contract law and corporate law<\/h2>\n<p>[\/et_pb_text][et_pb_text module_id=&#8221;scroll&#8221; module_class=&#8221;my-text&#8221; _builder_version=&#8221;3.10.2&#8243; text_text_color=&#8221;#303030&#8243; animation_style=&#8221;slide&#8221; animation_direction=&#8221;top&#8221;]<\/p>\n<p style=\"text-align: justify;\">BARTH Avocats assists its clientele in all contractual matters, both in Swiss and foreign law, especially in the context of the negotiation and drafting of contracts. It also advises its clients on structuring, financing and negotiating complex commercial transactions.<\/p>\n<p>[\/et_pb_text][\/et_pb_column][\/et_pb_row][\/et_pb_section][et_pb_section bb_built=&#8221;1&#8243; fullwidth=&#8221;on&#8221; specialty=&#8221;off&#8221; prev_background_color=&#8221;#000000&#8243; next_background_color=&#8221;#000000&#8243;][et_pb_fullwidth_slider _builder_version=&#8221;3.10.2&#8243; disabled=&#8221;off&#8221; disabled_on=&#8221;||on&#8221;][et_pb_slide _builder_version=&#8221;3.10.2&#8243; button_link=&#8221;#&#8221; button_link_2=&#8221;#&#8221; background_color=&#8221;#044f8b&#8221; use_background_color_gradient=&#8221;off&#8221; background_color_gradient_start=&#8221;#2b87da&#8221; background_color_gradient_end=&#8221;#29c4a9&#8243; background_color_gradient_type=&#8221;linear&#8221; background_color_gradient_direction=&#8221;180deg&#8221; background_color_gradient_direction_radial=&#8221;center&#8221; background_color_gradient_start_position=&#8221;0%&#8221; background_color_gradient_end_position=&#8221;100%&#8221; background_color_gradient_overlays_image=&#8221;off&#8221; background_image=&#8221;https:\/\/www.avocatsgeneve.ch\/wp-content\/uploads\/2018\/11\/avocat-geneve-specialiste-droit-commercial.jpg&#8221; parallax=&#8221;off&#8221; parallax_method=&#8221;on&#8221; background_size=&#8221;cover&#8221; background_position=&#8221;center&#8221; background_repeat=&#8221;no-repeat&#8221; background_blend=&#8221;normal&#8221; allow_player_pause=&#8221;off&#8221; background_video_pause_outside_viewport=&#8221;on&#8221; use_bg_overlay=&#8221;off&#8221; use_text_overlay=&#8221;off&#8221; text_border_radius=&#8221;3&#8243; alignment=&#8221;center&#8221; child_filter_hue_rotate=&#8221;0deg&#8221; child_filter_saturate=&#8221;100%&#8221; child_filter_brightness=&#8221;100%&#8221; child_filter_contrast=&#8221;100%&#8221; child_filter_invert=&#8221;0%&#8221; child_filter_sepia=&#8221;0%&#8221; child_filter_opacity=&#8221;100%&#8221; child_filter_blur=&#8221;0px&#8221; child_mix_blend_mode=&#8221;normal&#8221; background_layout=&#8221;dark&#8221; text_shadow_style=&#8221;none&#8221; header_text_shadow_style=&#8221;none&#8221; body_text_shadow_style=&#8221;none&#8221; custom_button=&#8221;off&#8221; button_bg_use_color_gradient=&#8221;off&#8221; button_bg_color_gradient_overlays_image=&#8221;off&#8221; button_use_icon=&#8221;on&#8221; button_on_hover=&#8221;on&#8221; button_text_shadow_style=&#8221;none&#8221; box_shadow_style_button=&#8221;none&#8221; text_shadow_horizontal_length=&#8221;0em&#8221; text_shadow_vertical_length=&#8221;0em&#8221; text_shadow_blur_strength=&#8221;0em&#8221; header_text_shadow_horizontal_length=&#8221;0em&#8221; header_text_shadow_vertical_length=&#8221;0em&#8221; header_text_shadow_blur_strength=&#8221;0em&#8221; body_text_shadow_horizontal_length=&#8221;0em&#8221; body_text_shadow_vertical_length=&#8221;0em&#8221; body_text_shadow_blur_strength=&#8221;0em&#8221; button_text_shadow_horizontal_length=&#8221;0em&#8221; button_text_shadow_vertical_length=&#8221;0em&#8221; button_text_shadow_blur_strength=&#8221;0em&#8221; \/][\/et_pb_fullwidth_slider][\/et_pb_section][et_pb_section bb_built=&#8221;1&#8243; disabled_on=&#8221;off|off|on&#8221; _builder_version=&#8221;3.10.2&#8243; custom_margin=&#8221;0px||0px|&#8221; custom_padding=&#8221;0px||0px|&#8221; prev_background_color=&#8221;#000000&#8243;][et_pb_row width_unit=&#8221;off&#8221; custom_width_percent=&#8221;100%&#8221; use_custom_gutter=&#8221;on&#8221; gutter_width=&#8221;1&#8243; custom_padding=&#8221;0px||0px|&#8221; custom_margin=&#8221;0px||0px|&#8221; make_equal=&#8221;on&#8221; background_color_2=&#8221;#eeeeee&#8221; background_repeat_1=&#8221;no-repeat&#8221; padding_top_1=&#8221;20px&#8221; padding_top_2=&#8221;15vh&#8221; padding_right_2=&#8221;5vh&#8221; padding_bottom_1=&#8221;20px&#8221; padding_bottom_2=&#8221;15vh&#8221; padding_left_2=&#8221;5vh&#8221; _builder_version=&#8221;3.10.2&#8243; background_color=&#8221;#eeeeee&#8221; module_alignment=&#8221;center&#8221; make_fullwidth=&#8221;on&#8221; padding_right_1=&#8221;20px&#8221; padding_left_1=&#8221;20px&#8221;][et_pb_column type=&#8221;4_4&#8243;][et_pb_text _builder_version=&#8221;3.10.2&#8243; text_font=&#8221;|||on|||||&#8221; text_text_color=&#8221;#303030&#8243; text_font_size=&#8221;36px&#8221; text_letter_spacing=&#8221;3px&#8221; text_line_height=&#8221;1.1em&#8221; header_text_align=&#8221;right&#8221; header_text_color=&#8221;#303030&#8243; header_font_size=&#8221;36px&#8221; header_letter_spacing=&#8221;3px&#8221; header_line_height=&#8221;1.1em&#8221; text_orientation=&#8221;right&#8221; animation_style=&#8221;slide&#8221; animation_direction=&#8221;left&#8221; saved_tabs=&#8221;all&#8221; custom_margin=&#8221;||100px|&#8221;]<\/p>\n<div class=\"border3\"><\/div>\n<h2><\/h2>\n<h2 class=\"my-title1\">Contract law and corporate law<\/h2>\n<p>[\/et_pb_text][et_pb_text module_class=&#8221;my-text&#8221; _builder_version=&#8221;3.10.2&#8243; text_text_color=&#8221;#303030&#8243; animation_style=&#8221;slide&#8221; animation_direction=&#8221;top&#8221;]<\/p>\n<p style=\"text-align: justify;\">BARTH Avocats assists its clientele in all contractual matters, both in Swiss and foreign law, especially in the context of the negotiation and drafting of contracts. It also advises its clients on structuring, financing and negotiating complex commercial transactions.<\/p>\n<p>[\/et_pb_text][\/et_pb_column][\/et_pb_row][\/et_pb_section]<\/p>\n","protected":false},"excerpt":{"rendered":"<p>Avocats Gen\u00e8ve droit contractuel, droit des soci\u00e9t\u00e9s Contract law and corporate law BARTH Avocats assists its clientele in all contractual matters, both in Swiss and foreign law, especially in the context of the negotiation and drafting of contracts. It also advises its clients on structuring, financing and negotiating complex commercial transactions. Contract law and corporate [&hellip;]<\/p>\n","protected":false},"author":4,"featured_media":0,"parent":0,"menu_order":0,"comment_status":"closed","ping_status":"closed","template":"","meta":{"_et_pb_use_builder":"on","_et_pb_old_content":"","_et_gb_content_width":"","footnotes":""},"class_list":["post-1340","page","type-page","status-publish","hentry"],"yoast_head":"<!-- This site is optimized with the Yoast SEO plugin v27.4 - https:\/\/yoast.com\/product\/yoast-seo-wordpress\/ -->\n<title>Corporate law - Avocats Gen\u00e8ve<\/title>\n<meta name=\"robots\" content=\"index, follow, max-snippet:-1, max-image-preview:large, max-video-preview:-1\" \/>\n<link rel=\"canonical\" href=\"https:\/\/www.avocatsgeneve.ch\/avocats-geneve-droit-contractuel-droit-des-societes\/\" \/>\n<meta property=\"og:locale\" content=\"en_US\" \/>\n<meta property=\"og:type\" content=\"article\" \/>\n<meta property=\"og:title\" content=\"Corporate law - Avocats Gen\u00e8ve\" \/>\n<meta property=\"og:description\" content=\"Avocats Gen\u00e8ve droit contractuel, droit des soci\u00e9t\u00e9s Contract law and corporate law BARTH Avocats assists its clientele in all contractual matters, both in Swiss and foreign law, especially in the context of the negotiation and drafting of contracts. It also advises its clients on structuring, financing and negotiating complex commercial transactions. Contract law and corporate [&hellip;]\" \/>\n<meta property=\"og:url\" content=\"https:\/\/www.avocatsgeneve.ch\/avocats-geneve-droit-contractuel-droit-des-societes\/\" \/>\n<meta property=\"og:site_name\" content=\"Avocats Gen\u00e8ve\" \/>\n<meta property=\"article:modified_time\" content=\"2018-12-05T13:03:40+00:00\" \/>\n<meta name=\"twitter:card\" content=\"summary_large_image\" \/>\n<meta name=\"twitter:site\" content=\"@thomasbarth\" \/>\n<meta name=\"twitter:label1\" content=\"Est. reading time\" \/>\n\t<meta name=\"twitter:data1\" content=\"4 minutes\" \/>\n<script type=\"application\/ld+json\" class=\"yoast-schema-graph\">{\"@context\":\"https:\\\/\\\/schema.org\",\"@graph\":[{\"@type\":\"WebPage\",\"@id\":\"https:\\\/\\\/www.avocatsgeneve.ch\\\/avocats-geneve-droit-contractuel-droit-des-societes\\\/\",\"url\":\"https:\\\/\\\/www.avocatsgeneve.ch\\\/avocats-geneve-droit-contractuel-droit-des-societes\\\/\",\"name\":\"Corporate law - Avocats Gen\u00e8ve\",\"isPartOf\":{\"@id\":\"https:\\\/\\\/www.avocatsgeneve.ch\\\/en\\\/#website\"},\"datePublished\":\"2018-12-05T13:01:59+00:00\",\"dateModified\":\"2018-12-05T13:03:40+00:00\",\"breadcrumb\":{\"@id\":\"https:\\\/\\\/www.avocatsgeneve.ch\\\/avocats-geneve-droit-contractuel-droit-des-societes\\\/#breadcrumb\"},\"inLanguage\":\"en-US\",\"potentialAction\":[{\"@type\":\"ReadAction\",\"target\":[\"https:\\\/\\\/www.avocatsgeneve.ch\\\/avocats-geneve-droit-contractuel-droit-des-societes\\\/\"]}]},{\"@type\":\"BreadcrumbList\",\"@id\":\"https:\\\/\\\/www.avocatsgeneve.ch\\\/avocats-geneve-droit-contractuel-droit-des-societes\\\/#breadcrumb\",\"itemListElement\":[{\"@type\":\"ListItem\",\"position\":1,\"name\":\"Accueil\",\"item\":\"https:\\\/\\\/www.avocatsgeneve.ch\\\/en\\\/\"},{\"@type\":\"ListItem\",\"position\":2,\"name\":\"Corporate law\"}]},{\"@type\":\"WebSite\",\"@id\":\"https:\\\/\\\/www.avocatsgeneve.ch\\\/en\\\/#website\",\"url\":\"https:\\\/\\\/www.avocatsgeneve.ch\\\/en\\\/\",\"name\":\"Avocats Gen\u00e8ve\",\"description\":\"BARTH Avocats | Etude d&#039;avocats \u00e0 Gen\u00e8ve\",\"publisher\":{\"@id\":\"https:\\\/\\\/www.avocatsgeneve.ch\\\/en\\\/#organization\"},\"potentialAction\":[{\"@type\":\"SearchAction\",\"target\":{\"@type\":\"EntryPoint\",\"urlTemplate\":\"https:\\\/\\\/www.avocatsgeneve.ch\\\/en\\\/?s={search_term_string}\"},\"query-input\":{\"@type\":\"PropertyValueSpecification\",\"valueRequired\":true,\"valueName\":\"search_term_string\"}}],\"inLanguage\":\"en-US\"},{\"@type\":\"Organization\",\"@id\":\"https:\\\/\\\/www.avocatsgeneve.ch\\\/en\\\/#organization\",\"name\":\"Avocats Gen\u00e8ve\",\"url\":\"https:\\\/\\\/www.avocatsgeneve.ch\\\/en\\\/\",\"logo\":{\"@type\":\"ImageObject\",\"inLanguage\":\"en-US\",\"@id\":\"https:\\\/\\\/www.avocatsgeneve.ch\\\/en\\\/#\\\/schema\\\/logo\\\/image\\\/\",\"url\":\"https:\\\/\\\/www.avocatsgeneve.ch\\\/wp-content\\\/uploads\\\/2025\\\/03\\\/Barth_logo.png\",\"contentUrl\":\"https:\\\/\\\/www.avocatsgeneve.ch\\\/wp-content\\\/uploads\\\/2025\\\/03\\\/Barth_logo.png\",\"width\":414,\"height\":147,\"caption\":\"Avocats Gen\u00e8ve\"},\"image\":{\"@id\":\"https:\\\/\\\/www.avocatsgeneve.ch\\\/en\\\/#\\\/schema\\\/logo\\\/image\\\/\"},\"sameAs\":[\"https:\\\/\\\/x.com\\\/thomasbarth\",\"https:\\\/\\\/www.linkedin.com\\\/in\\\/thomasbarth1\\\/\"]}]}<\/script>\n<!-- \/ Yoast SEO plugin. -->","yoast_head_json":{"title":"Corporate law - Avocats Gen\u00e8ve","robots":{"index":"index","follow":"follow","max-snippet":"max-snippet:-1","max-image-preview":"max-image-preview:large","max-video-preview":"max-video-preview:-1"},"canonical":"https:\/\/www.avocatsgeneve.ch\/avocats-geneve-droit-contractuel-droit-des-societes\/","og_locale":"en_US","og_type":"article","og_title":"Corporate law - Avocats Gen\u00e8ve","og_description":"Avocats Gen\u00e8ve droit contractuel, droit des soci\u00e9t\u00e9s Contract law and corporate law BARTH Avocats assists its clientele in all contractual matters, both in Swiss and foreign law, especially in the context of the negotiation and drafting of contracts. It also advises its clients on structuring, financing and negotiating complex commercial transactions. Contract law and corporate [&hellip;]","og_url":"https:\/\/www.avocatsgeneve.ch\/avocats-geneve-droit-contractuel-droit-des-societes\/","og_site_name":"Avocats Gen\u00e8ve","article_modified_time":"2018-12-05T13:03:40+00:00","twitter_card":"summary_large_image","twitter_site":"@thomasbarth","twitter_misc":{"Est. reading time":"4 minutes"},"schema":{"@context":"https:\/\/schema.org","@graph":[{"@type":"WebPage","@id":"https:\/\/www.avocatsgeneve.ch\/avocats-geneve-droit-contractuel-droit-des-societes\/","url":"https:\/\/www.avocatsgeneve.ch\/avocats-geneve-droit-contractuel-droit-des-societes\/","name":"Corporate law - Avocats Gen\u00e8ve","isPartOf":{"@id":"https:\/\/www.avocatsgeneve.ch\/en\/#website"},"datePublished":"2018-12-05T13:01:59+00:00","dateModified":"2018-12-05T13:03:40+00:00","breadcrumb":{"@id":"https:\/\/www.avocatsgeneve.ch\/avocats-geneve-droit-contractuel-droit-des-societes\/#breadcrumb"},"inLanguage":"en-US","potentialAction":[{"@type":"ReadAction","target":["https:\/\/www.avocatsgeneve.ch\/avocats-geneve-droit-contractuel-droit-des-societes\/"]}]},{"@type":"BreadcrumbList","@id":"https:\/\/www.avocatsgeneve.ch\/avocats-geneve-droit-contractuel-droit-des-societes\/#breadcrumb","itemListElement":[{"@type":"ListItem","position":1,"name":"Accueil","item":"https:\/\/www.avocatsgeneve.ch\/en\/"},{"@type":"ListItem","position":2,"name":"Corporate law"}]},{"@type":"WebSite","@id":"https:\/\/www.avocatsgeneve.ch\/en\/#website","url":"https:\/\/www.avocatsgeneve.ch\/en\/","name":"Avocats Gen\u00e8ve","description":"BARTH Avocats | Etude d&#039;avocats \u00e0 Gen\u00e8ve","publisher":{"@id":"https:\/\/www.avocatsgeneve.ch\/en\/#organization"},"potentialAction":[{"@type":"SearchAction","target":{"@type":"EntryPoint","urlTemplate":"https:\/\/www.avocatsgeneve.ch\/en\/?s={search_term_string}"},"query-input":{"@type":"PropertyValueSpecification","valueRequired":true,"valueName":"search_term_string"}}],"inLanguage":"en-US"},{"@type":"Organization","@id":"https:\/\/www.avocatsgeneve.ch\/en\/#organization","name":"Avocats Gen\u00e8ve","url":"https:\/\/www.avocatsgeneve.ch\/en\/","logo":{"@type":"ImageObject","inLanguage":"en-US","@id":"https:\/\/www.avocatsgeneve.ch\/en\/#\/schema\/logo\/image\/","url":"https:\/\/www.avocatsgeneve.ch\/wp-content\/uploads\/2025\/03\/Barth_logo.png","contentUrl":"https:\/\/www.avocatsgeneve.ch\/wp-content\/uploads\/2025\/03\/Barth_logo.png","width":414,"height":147,"caption":"Avocats Gen\u00e8ve"},"image":{"@id":"https:\/\/www.avocatsgeneve.ch\/en\/#\/schema\/logo\/image\/"},"sameAs":["https:\/\/x.com\/thomasbarth","https:\/\/www.linkedin.com\/in\/thomasbarth1\/"]}]}},"_links":{"self":[{"href":"https:\/\/www.avocatsgeneve.ch\/en\/wp-json\/wp\/v2\/pages\/1340","targetHints":{"allow":["GET"]}}],"collection":[{"href":"https:\/\/www.avocatsgeneve.ch\/en\/wp-json\/wp\/v2\/pages"}],"about":[{"href":"https:\/\/www.avocatsgeneve.ch\/en\/wp-json\/wp\/v2\/types\/page"}],"author":[{"embeddable":true,"href":"https:\/\/www.avocatsgeneve.ch\/en\/wp-json\/wp\/v2\/users\/4"}],"replies":[{"embeddable":true,"href":"https:\/\/www.avocatsgeneve.ch\/en\/wp-json\/wp\/v2\/comments?post=1340"}],"version-history":[{"count":4,"href":"https:\/\/www.avocatsgeneve.ch\/en\/wp-json\/wp\/v2\/pages\/1340\/revisions"}],"predecessor-version":[{"id":1344,"href":"https:\/\/www.avocatsgeneve.ch\/en\/wp-json\/wp\/v2\/pages\/1340\/revisions\/1344"}],"wp:attachment":[{"href":"https:\/\/www.avocatsgeneve.ch\/en\/wp-json\/wp\/v2\/media?parent=1340"}],"curies":[{"name":"wp","href":"https:\/\/api.w.org\/{rel}","templated":true}]}}